{"id":1487,"date":"2020-12-06T22:05:27","date_gmt":"2020-12-06T21:05:27","guid":{"rendered":"https:\/\/www.b-lab.co\/?page_id=1487"},"modified":"2025-03-24T10:47:07","modified_gmt":"2025-03-24T09:47:07","slug":"services","status":"publish","type":"page","link":"https:\/\/www.b-lab.co\/fr\/services\/","title":{"rendered":"Services"},"content":{"rendered":"<div class=\"vce-row-container\"><div class=\"vce-row vce-element--xl--has-background vce-element--lg--has-background vce-element--md--has-background vce-element--sm--has-background vce-element--xs--has-background vce-row--col-gap-0 vce-row-equal-height vce-row-content--middle\" data-vce-full-width=\"true\" data-vce-stretch-content=\"true\" id=\"el-128701cb\" data-vce-do-apply=\"all el-128701cb\"><div class=\"vce-content-background-container\"><div class=\"vce-asset-background-simple-container vce-visible-xl-only vce-asset-background-simple--style-cover vce-asset-background-simple--position-left-top\"><div class=\"vce-asset-background-simple\">\n              <div class=\"vce-asset-background-simple-item vcv-lozad\" data-background-image=\"https:\/\/www.b-lab.co\/wp-content\/uploads\/2020\/12\/b-lab-servizi.jpg\"><\/div>\n              <noscript>\n                <div class=\"vce-asset-background-simple-item\" style=\"background-image: url(https:\/\/www.b-lab.co\/wp-content\/uploads\/2020\/12\/b-lab-servizi.jpg)\"><\/div>\n              <\/noscript>\n            <\/div><\/div><div class=\"vce-asset-background-simple-container vce-visible-lg-only vce-asset-background-simple--style-cover vce-asset-background-simple--position-left-top\"><div class=\"vce-asset-background-simple\">\n              <div class=\"vce-asset-background-simple-item vcv-lozad\" data-background-image=\"https:\/\/www.b-lab.co\/wp-content\/uploads\/2020\/12\/b-lab-servizi.jpg\"><\/div>\n              <noscript>\n                <div class=\"vce-asset-background-simple-item\" style=\"background-image: url(https:\/\/www.b-lab.co\/wp-content\/uploads\/2020\/12\/b-lab-servizi.jpg)\"><\/div>\n              <\/noscript>\n            <\/div><\/div><div class=\"vce-asset-background-simple-container vce-visible-md-only vce-asset-background-simple--style-cover vce-asset-background-simple--position-left-top\"><div class=\"vce-asset-background-simple\">\n              <div class=\"vce-asset-background-simple-item vcv-lozad\" data-background-image=\"https:\/\/www.b-lab.co\/wp-content\/uploads\/2020\/12\/b-lab-servizi.jpg\"><\/div>\n              <noscript>\n                <div class=\"vce-asset-background-simple-item\" style=\"background-image: url(https:\/\/www.b-lab.co\/wp-content\/uploads\/2020\/12\/b-lab-servizi.jpg)\"><\/div>\n              <\/noscript>\n            <\/div><\/div><div class=\"vce-asset-background-simple-container vce-visible-sm-only vce-asset-background-simple--style-cover vce-asset-background-simple--position-left-top\"><div class=\"vce-asset-background-simple\">\n              <div class=\"vce-asset-background-simple-item vcv-lozad\" data-background-image=\"https:\/\/www.b-lab.co\/wp-content\/uploads\/2020\/12\/b-lab-servizi.jpg\"><\/div>\n              <noscript>\n                <div class=\"vce-asset-background-simple-item\" style=\"background-image: url(https:\/\/www.b-lab.co\/wp-content\/uploads\/2020\/12\/b-lab-servizi.jpg)\"><\/div>\n              <\/noscript>\n            <\/div><\/div><div class=\"vce-asset-background-simple-container vce-visible-xs-only vce-asset-background-simple--style-cover vce-asset-background-simple--position-left-top\"><div class=\"vce-asset-background-simple\">\n              <div class=\"vce-asset-background-simple-item vcv-lozad\" data-background-image=\"https:\/\/www.b-lab.co\/wp-content\/uploads\/2020\/12\/b-lab-servizi.jpg\"><\/div>\n              <noscript>\n                <div class=\"vce-asset-background-simple-item\" style=\"background-image: url(https:\/\/www.b-lab.co\/wp-content\/uploads\/2020\/12\/b-lab-servizi.jpg)\"><\/div>\n              <\/noscript>\n            <\/div><\/div><\/div><div class=\"vce-row-content\" data-vce-element-content=\"true\"><div class=\"vce-col vce-col--md-auto vce-col--xs-1 vce-col--xs-last vce-col--xs-first vce-col--sm-last vce-col--sm-first vce-col--md-last vce-col--lg-last vce-col--xl-last vce-col--md-first vce-col--lg-first vce-col--xl-first\" id=\"el-76a1dab6\"><div class=\"vce-col-inner\" data-vce-do-apply=\"border margin background  el-76a1dab6\"><div class=\"vce-col-content\" data-vce-element-content=\"true\" data-vce-do-apply=\"padding el-76a1dab6\"><div class=\"vcv-row-control-wrapper\"><\/div><\/div><\/div><\/div><\/div><\/div><\/div><div class=\"vce-row-container\"><div class=\"vce-row vce-row--has-col-background vce-row--col-gap-0 vce-row-equal-height vce-row-content--middle\" data-vce-full-width=\"true\" data-vce-stretch-content=\"true\" id=\"el-eed9f2f2\" data-vce-do-apply=\"all el-eed9f2f2\"><div class=\"vce-content-background-container\"><\/div><div class=\"vce-row-content\" data-vce-element-content=\"true\"><div class=\"vce-col vce-col--xs-100p vce-col--xs-visible vce-col--xs-last vce-col--xs-first vce-col--sm-100p vce-col--sm-visible vce-col--sm-last vce-col--sm-first vce-col--md-100p vce-col--md-visible vce-col--md-last vce-col--md-first vce-col--lg-50p vce-col--lg-visible vce-col--lg-first vce-col--xl-50p vce-col--xl-visible vce-col--xl-first\" id=\"el-a01ff6ac\"><div class=\"vce-col-inner\" data-vce-do-apply=\"border margin background  el-a01ff6ac\"><div class=\"vce-content-background-container\"><\/div><div class=\"vce-col-content\" data-vce-element-content=\"true\" data-vce-do-apply=\"padding el-a01ff6ac\"><div class=\"vce-single-image-container vce-single-image--align-left\"><div class=\"vce vce-single-image-wrapper\" id=\"el-688b3380\" data-vce-do-apply=\"all el-688b3380\"><figure><div class=\"vce-single-image-figure-inner\" style=\"width: 1024px;\"><div class=\"vce-single-image-inner vce-single-image--absolute\" style=\"width: 100%; padding-bottom: 66.6016%;\"><img loading=\"lazy\" decoding=\"async\" class=\"vce-single-image\"  width=\"1024\" height=\"682\" srcset=\"https:\/\/www.b-lab.co\/wp-content\/uploads\/2020\/12\/design-1-1024x683.jpg 1024w, https:\/\/www.b-lab.co\/wp-content\/uploads\/2025\/03\/design-1-320x213.jpg 320w, https:\/\/www.b-lab.co\/wp-content\/uploads\/2025\/03\/design-1-480x320.jpg 480w, https:\/\/www.b-lab.co\/wp-content\/uploads\/2025\/03\/design-1-800x533.jpg 800w\" src=\"https:\/\/www.b-lab.co\/wp-content\/uploads\/2020\/12\/design-1-1024x683.jpg\" data-img-src=\"https:\/\/www.b-lab.co\/wp-content\/uploads\/2020\/12\/design-1.jpg\" data-attachment-id=\"1536\"  alt=\"\" title=\"design\" \/><\/div><\/div><figcaption hidden=\"\"><\/figcaption><\/figure><\/div><\/div><\/div><\/div><\/div><div class=\"vce-col vce-element--has-background vce-col--xs-100p vce-col--xs-visible vce-col--xs-last vce-col--xs-first vce-col--sm-100p vce-col--sm-visible vce-col--sm-last vce-col--sm-first vce-col--md-100p vce-col--md-visible vce-col--md-last vce-col--md-first vce-col--lg-50p vce-col--lg-visible vce-col--lg-last vce-col--xl-50p vce-col--xl-visible vce-col--xl-last\" id=\"el-24a86e08\"><div class=\"vce-col-inner\" data-vce-do-apply=\"border margin background  el-24a86e08\"><div class=\"vce-content-background-container\"><\/div><div class=\"vce-col-content\" data-vce-element-content=\"true\" data-vce-do-apply=\"padding el-24a86e08\"><div class=\"vce-text-block\"><div class=\"vce-text-block-wrapper vce\" id=\"el-efe3351a\" data-vce-do-apply=\"all el-efe3351a\"><h2 style=\"text-align: left;\">Conception en interne<\/h2><p class=\"p1\"><span class=\"s1\">Concevoir et cr\u00e9er un packaging, c\u2019est bien plus que fabriquer de simples bo\u00eetes protectrices. Le packaging est un v\u00e9ritable outil de communication, capable de refl\u00e9ter l\u2019identit\u00e9 et les valeurs d\u2019une marque. C\u2019est pourquoi nous offrons non seulement une analyse de faisabilit\u00e9 technique de vos projets, mais aussi des services de design cr\u00e9atif interne et de conseil en solutions durables, pour transformer vos id\u00e9es en packagings innovants et impactants.<\/span><\/p><\/div><\/div><div class=\"vce-button--style-basic-container vce-button--style-basic-container--align-left\"><span class=\"vce-button--style-basic-wrapper vce\" id=\"el-20382203\" data-vce-do-apply=\"margin el-20382203\"><a class=\"vce-button vce-button--style-basic vce-button--style-basic--border-square vce-button--style-basic--size-medium vce-button--style-basic--color-b-165-147-133--fff\" href=\"https:\/\/www.b-lab.co\/fr\/contacts\/\" title=\"\" data-vce-do-apply=\"padding border background  el-20382203\">En savoir plus<\/a><\/span><\/div><\/div><\/div><\/div><\/div><\/div><\/div><div class=\"vce-row-container\"><div class=\"vce-row vce-row--xl--has-col-background vce-row--col-gap-30 vce-row-equal-height vce-row-content--middle\" data-vce-full-width=\"true\" data-vce-stretch-content=\"true\" id=\"el-31c46759\" data-vce-do-apply=\"all el-31c46759\"><div class=\"vce-content-background-container\"><\/div><div class=\"vce-row-content\" data-vce-element-content=\"true\"><div class=\"vce-col vce-element--xl--has-background vce-col--md-50p vce-col--xs-1 vce-col--xs-last vce-col--xs-first vce-col--sm-last vce-col--sm-first vce-col--md-first vce-col--lg-first vce-col--xl-first\" id=\"el-715c98bd\"><div class=\"vce-col-inner\" data-vce-do-apply=\"border margin background  el-715c98bd\"><div class=\"vce-content-background-container\"><\/div><div class=\"vce-col-content\" data-vce-element-content=\"true\" data-vce-do-apply=\"padding el-715c98bd\"><div class=\"vce-text-block\"><div class=\"vce-text-block-wrapper vce\" id=\"el-4a6ffbb3\" data-vce-do-apply=\"all el-4a6ffbb3\"><h2 style=\"text-align: right;\">Logistique<\/h2><p class=\"p1\" style=\"text-align: right;\"><span style=\"color: #a59385;\"><strong>B-Lab<\/strong><\/span> offre \u00e0 ses clients un service de logistique avanc\u00e9 qui permet le stockage des marchandises dans des entrep\u00f4ts situ\u00e9s dans des endroits strat\u00e9giques \u00e0 travers le monde et de les distribuer quand et o\u00f9 cela convient le mieux au client<\/p><\/div><\/div><div class=\"vce-button--style-basic-container vce-button--style-basic-container--align-right\"><span class=\"vce-button--style-basic-wrapper vce\" id=\"el-a4f7ae8c\" data-vce-do-apply=\"margin el-a4f7ae8c\"><a class=\"vce-button vce-button--style-basic vce-button--style-basic--border-square vce-button--style-basic--size-medium vce-button--style-basic--color-b-165-147-133--fff\" href=\"https:\/\/www.b-lab.co\/fr\/contacts\/\" title=\"\" data-vce-do-apply=\"padding border background  el-a4f7ae8c\">En savoir plus<\/a><\/span><\/div><\/div><\/div><\/div><div class=\"vce-col vce-col--md-50p vce-col--xs-1 vce-col--xs-last vce-col--xs-first vce-col--sm-last vce-col--sm-first vce-col--md-last vce-col--lg-last vce-col--xl-last\" id=\"el-56c20c73\"><div class=\"vce-col-inner\" data-vce-do-apply=\"border margin background  el-56c20c73\"><div class=\"vce-col-content\" data-vce-element-content=\"true\" data-vce-do-apply=\"padding el-56c20c73\"><div class=\"vce-single-image-container vce-single-image--align-left\"><div class=\"vce vce-single-image-wrapper\" id=\"el-ec1b07cc\" data-vce-do-apply=\"all el-ec1b07cc\"><figure><div class=\"vce-single-image-figure-inner\" style=\"width: 1024px;\"><div class=\"vce-single-image-inner vce-single-image--absolute\" style=\"width: 100%; padding-bottom: 66.6016%;\"><img loading=\"lazy\" decoding=\"async\" class=\"vce-single-image\"  width=\"1024\" height=\"682\" srcset=\"https:\/\/www.b-lab.co\/wp-content\/uploads\/2020\/10\/magazzino-1024x683.jpg 1024w, https:\/\/www.b-lab.co\/wp-content\/uploads\/2025\/03\/magazzino-320x213.jpg 320w, https:\/\/www.b-lab.co\/wp-content\/uploads\/2025\/03\/magazzino-480x320.jpg 480w, https:\/\/www.b-lab.co\/wp-content\/uploads\/2025\/03\/magazzino-800x533.jpg 800w\" src=\"https:\/\/www.b-lab.co\/wp-content\/uploads\/2020\/10\/magazzino-1024x683.jpg\" data-img-src=\"https:\/\/www.b-lab.co\/wp-content\/uploads\/2020\/10\/magazzino.jpg\" data-attachment-id=\"762\"  alt=\"\" title=\"magazzino\" \/><\/div><\/div><figcaption hidden=\"\"><\/figcaption><\/figure><\/div><\/div><\/div><\/div><\/div><\/div><\/div><\/div><div class=\"vce-row-container\"><div class=\"vce-row vce-row--has-col-background vce-row--col-gap-30 vce-row-equal-height vce-row-content--middle\" data-vce-full-width=\"true\" data-vce-stretch-content=\"true\" id=\"el-47043f36\" data-vce-do-apply=\"all el-47043f36\"><div class=\"vce-content-background-container\"><\/div><div class=\"vce-row-content\" data-vce-element-content=\"true\"><div class=\"vce-col vce-col--md-auto vce-col--xs-1 vce-col--xs-last vce-col--xs-first vce-col--sm-last vce-col--sm-first vce-col--md-first vce-col--lg-first vce-col--xl-first\" id=\"el-8804a19d\"><div class=\"vce-col-inner\" data-vce-do-apply=\"border margin background  el-8804a19d\"><div class=\"vce-col-content\" data-vce-element-content=\"true\" data-vce-do-apply=\"padding el-8804a19d\"><div class=\"vce-single-image-container vce-single-image--align-left\"><div class=\"vce vce-single-image-wrapper\" id=\"el-638f0756\" data-vce-do-apply=\"all el-638f0756\"><figure><div class=\"vce-single-image-figure-inner\" style=\"width: 1024px;\"><div class=\"vce-single-image-inner vce-single-image--absolute\" style=\"width: 100%; padding-bottom: 66.6016%;\"><img loading=\"lazy\" decoding=\"async\" class=\"vce-single-image\"  width=\"1024\" height=\"682\" srcset=\"https:\/\/www.b-lab.co\/wp-content\/uploads\/2020\/12\/warehouse-management-system-1024x682.jpg 1024w, https:\/\/www.b-lab.co\/wp-content\/uploads\/2025\/03\/warehouse-management-system-320x213.jpg 320w, https:\/\/www.b-lab.co\/wp-content\/uploads\/2025\/03\/warehouse-management-system-480x320.jpg 480w, https:\/\/www.b-lab.co\/wp-content\/uploads\/2025\/03\/warehouse-management-system-800x533.jpg 800w\" src=\"https:\/\/www.b-lab.co\/wp-content\/uploads\/2020\/12\/warehouse-management-system-1024x682.jpg\" data-img-src=\"https:\/\/www.b-lab.co\/wp-content\/uploads\/2020\/12\/warehouse-management-system.jpg\" data-attachment-id=\"932\"  alt=\"\" title=\"warehouse-management-system\" \/><\/div><\/div><figcaption hidden=\"\"><\/figcaption><\/figure><\/div><\/div><\/div><\/div><\/div><div class=\"vce-col vce-element--has-background vce-col--md-auto vce-col--xs-1 vce-col--xs-last vce-col--xs-first vce-col--sm-last vce-col--sm-first vce-col--md-last vce-col--lg-last vce-col--xl-last\" id=\"el-1c4c8b15\"><div class=\"vce-col-inner\" data-vce-do-apply=\"border margin background  el-1c4c8b15\"><div class=\"vce-content-background-container\"><\/div><div class=\"vce-col-content\" data-vce-element-content=\"true\" data-vce-do-apply=\"padding el-1c4c8b15\"><div class=\"vce-text-block\"><div class=\"vce-text-block-wrapper vce\" id=\"el-1e8671d5\" data-vce-do-apply=\"all el-1e8671d5\"><h2 style=\"text-align: left;\">Warehouse &amp; Order Management System<\/h2>\n<p style=\"text-align: left;\"><span style=\"color: #a59385;\"><strong>B-Lab<\/strong><\/span> met \u00e0 disposition <a href=\"https:\/\/mystockandorders.b-lab.co\/login\" target=\"_blank\" rel=\"noopener\">WMS<\/a> de tous les clients qui en font la demande un syst\u00e8me informatique de gestion d'entrep\u00f4t. Cela permet de communiquer en temps r\u00e9el avec le client, offrant des mises \u00e0 jour constantes sur les stocks disponibles et une gestion des commandes plus fluide.<\/p>\n<p style=\"text-align: left;\">Le syst\u00e8me est largement personnalisable et interfacable avec la plupart des syst\u00e8mes de gestion disponibles sur le march\u00e9. Il permet aux clients de suivre les commandes existantes, d'en cr\u00e9er de nouvelles et d'obtenir des rapports statistiques et des KPI<\/p><\/div><\/div><div class=\"vce-button--style-basic-container vce-button--style-basic-container--align-left\"><span class=\"vce-button--style-basic-wrapper vce\" id=\"el-d2397b82\" data-vce-do-apply=\"margin el-d2397b82\"><a class=\"vce-button vce-button--style-basic vce-button--style-basic--border-square vce-button--style-basic--size-medium vce-button--style-basic--color-b-165-147-133--fff\" href=\"https:\/\/www.b-lab.co\/fr\/contacts\/\" title=\"\" data-vce-do-apply=\"padding border background  el-d2397b82\">En savoir plus<\/a><\/span><\/div><\/div><\/div><\/div><\/div><\/div><\/div><div class=\"vce-row-container\"><div class=\"vce-row vce-element--xl--has-background vce-element--lg--has-background vce-element--md--has-background vce-element--sm--has-background vce-element--xs--has-background vce-row--col-gap-30 vce-row-equal-height vce-row-content--middle\" data-vce-full-width=\"true\" id=\"el-1fa6316c\" data-vce-do-apply=\"all el-1fa6316c\"><div class=\"vce-content-background-container\"><\/div><div class=\"vce-row-content\" data-vce-element-content=\"true\"><div class=\"vce-col vce-col--xs-100p vce-col--xs-visible vce-col--xs-last vce-col--xs-first vce-col--sm-100p vce-col--sm-visible vce-col--sm-last vce-col--sm-first vce-col--md-100p vce-col--md-visible vce-col--md-last vce-col--md-first vce-col--lg-44-25p vce-col--lg-visible vce-col--lg-first vce-col--xl-44-25p vce-col--xl-visible vce-col--xl-first\" id=\"el-b2fd43f8\"><div class=\"vce-col-inner\" data-vce-do-apply=\"border margin background  el-b2fd43f8\"><div class=\"vce-content-background-container\"><\/div><div class=\"vce-col-content\" data-vce-element-content=\"true\" data-vce-do-apply=\"padding el-b2fd43f8\"><div class=\"vce-single-image-container vce-single-image--align-center\"><div class=\"vce vce-single-image-wrapper\" id=\"el-26f1ffeb\" data-vce-do-apply=\"all el-26f1ffeb\"><figure><div class=\"vce-single-image-figure-inner\" style=\"width: 553px;\"><div class=\"vce-single-image-inner vce-single-image--absolute\" style=\"width: 100%; padding-bottom: 108.499%;\"><img loading=\"lazy\" decoding=\"async\" class=\"vce-single-image\"  width=\"553\" height=\"600\" srcset=\"https:\/\/www.b-lab.co\/wp-content\/uploads\/2025\/03\/scatola-anello-lusso-320x347.png 320w, https:\/\/www.b-lab.co\/wp-content\/uploads\/2025\/03\/scatola-anello-lusso-480x521.png 480w, https:\/\/www.b-lab.co\/wp-content\/uploads\/2025\/03\/scatola-anello-lusso-553x600.png 553w\" src=\"https:\/\/www.b-lab.co\/wp-content\/uploads\/2025\/03\/scatola-anello-lusso-553x600.png\" data-img-src=\"https:\/\/www.b-lab.co\/wp-content\/uploads\/2020\/12\/scatola-anello-lusso.png\" data-attachment-id=\"423\"  alt=\"\" title=\"scatola-anello-lusso\" \/><\/div><\/div><figcaption hidden=\"\"><\/figcaption><\/figure><\/div><\/div><\/div><\/div><\/div><div class=\"vce-col vce-col--xs-100p vce-col--xs-visible vce-col--xs-last vce-col--xs-first vce-col--sm-100p vce-col--sm-visible vce-col--sm-last vce-col--sm-first vce-col--md-100p vce-col--md-visible vce-col--md-last vce-col--md-first vce-col--lg-55-75p vce-col--lg-visible vce-col--lg-last vce-col--xl-55-75p vce-col--xl-visible vce-col--xl-last\" id=\"el-78e20e39\"><div class=\"vce-col-inner\" data-vce-do-apply=\"border margin background  el-78e20e39\"><div class=\"vce-content-background-container\"><\/div><div class=\"vce-col-content\" data-vce-element-content=\"true\" data-vce-do-apply=\"padding el-78e20e39\"><div class=\"vce-text-block\"><div class=\"vce-text-block-wrapper vce\" id=\"el-747b1e12\" data-vce-do-apply=\"all el-747b1e12\" data-vce-animate=\"vce-o-animate--slideInUp\"><h2 style=\"text-align: center;\">Service Clients<\/h2>\n<p style=\"text-align: center;\">Pour nous, il est primordial d'offrir \u00e0 nos clients une assistance \u00e0 360 \u00b0. Nous investissons du temps et des ressources dans la formation du personnel d\u00e9di\u00e9 au Service Client et nous assurons une assistance H24 gr\u00e2ce ausx expertises compl\u00e9mentaires des bureaux europ\u00e9ens et asiatiques.<\/p>\n<hr>\n<p style=\"text-align: center;\">ITALIE: Service Clients pour les filiales italiennes et europ\u00e9ennes Anticipation des besoins des clients Assistance et Service Apr\u00e8s Vente Traitement efficace et rapide des r\u00e9clamations<\/p>\n<p style=\"text-align: center;\">HONG KONG: Service Clients pour les filiales asiatiques Assistance et Service Apr\u00e8s Vente Traitement efficace et rapide des r\u00e9clamations D\u00e9veloppement de nouvelles opportunit\u00e9s commerciales en Asie<\/p><\/div><\/div><\/div><\/div><\/div><\/div><\/div><\/div>","protected":false},"excerpt":{"rendered":"<p>Conception en interneConcevoir et cr\u00e9er un packaging, c\u2019est bien plus que fabriquer de simples bo\u00eetes protectrices. Le packaging est un v\u00e9ritable outil de communication, capable de refl\u00e9ter l\u2019identit\u00e9 et les valeurs d\u2019une marque. C\u2019est pourquoi nous offrons non seulement une analyse de faisabilit\u00e9 technique de vos projets, mais aussi des services de design cr\u00e9atif interne [&hellip;]<\/p>\n","protected":false},"author":0,"featured_media":0,"parent":0,"menu_order":0,"comment_status":"closed","ping_status":"closed","template":"","meta":{"_acf_changed":false,"footnotes":""},"class_list":["post-1487","page","type-page","status-publish","hentry"],"acf":[],"aioseo_notices":[],"_links":{"self":[{"href":"https:\/\/www.b-lab.co\/fr\/wp-json\/wp\/v2\/pages\/1487","targetHints":{"allow":["GET"]}}],"collection":[{"href":"https:\/\/www.b-lab.co\/fr\/wp-json\/wp\/v2\/pages"}],"about":[{"href":"https:\/\/www.b-lab.co\/fr\/wp-json\/wp\/v2\/types\/page"}],"replies":[{"embeddable":true,"href":"https:\/\/www.b-lab.co\/fr\/wp-json\/wp\/v2\/comments?post=1487"}],"version-history":[{"count":2,"href":"https:\/\/www.b-lab.co\/fr\/wp-json\/wp\/v2\/pages\/1487\/revisions"}],"predecessor-version":[{"id":3524,"href":"https:\/\/www.b-lab.co\/fr\/wp-json\/wp\/v2\/pages\/1487\/revisions\/3524"}],"wp:attachment":[{"href":"https:\/\/www.b-lab.co\/fr\/wp-json\/wp\/v2\/media?parent=1487"}],"curies":[{"name":"wp","href":"https:\/\/api.w.org\/{rel}","templated":true}]}}